{"id":3101,"date":"2021-01-17T17:31:51","date_gmt":"2021-01-17T17:44:20","guid":{"rendered":"https:\/\/hillusha-beauty.com\/?post_type=product&#038;p=3101"},"modified":"2021-01-29T04:11:08","modified_gmt":"2021-01-29T04:11:08","slug":"laminazione-sopracciglia-corso-online","status":"publish","type":"product","link":"https:\/\/hillusha-beauty.com\/en\/product\/laminazione-sopracciglia-corso-online\/","title":{"rendered":"LAMINAZIONE SOPRACCIGLIA CORSO ONLINE"},"content":{"rendered":"","protected":false},"excerpt":{"rendered":"<p dir=\"ltr\"><span style=\"color: #ff00ff; font-size: 18pt;\"><strong>Whatsapp:\u00a0+39 3482944295<\/strong><\/span><\/p>\n<p dir=\"ltr\" style=\"text-align: left;\"><span style=\"font-size: 14pt;\"><strong>Laminazione sopracciglia! Processo semplice da implementare, puoi farlo da solo o aumentare il servizio del tuo salone di bellezza.<\/strong><\/span><\/p>\n<p dir=\"ltr\" style=\"text-align: left;\"><span style=\"font-size: 14pt;\"><strong>Corso in linea &#8211; include il miglior prodotto!<\/strong><\/span><\/p>\n<p dir=\"ltr\" style=\"text-align: left;\"><span style=\"font-size: 14pt;\"><strong>Ora nella vendita di promozione 360$ \u00a0si include il kit professionale completo!<\/strong><\/span><\/p>\n<p dir=\"ltr\" style=\"text-align: left;\"><span style=\"font-size: 14pt;\"><strong>Per acquistare il kit di laminazione per sopracciglia professionale per solo 120 $ <span style=\"color: #0000ff;\"><a style=\"color: #0000ff;\" href=\"https:\/\/hillusha-beauty.com\/en\/product\/brow-lamination-kit\/\">premere qui!<\/a><\/span><\/strong><\/span><\/p>\n<p dir=\"ltr\" style=\"text-align: left;\"><span style=\"font-size: 14pt;\"><strong>qualsiasi domanda: connettimi tramite Whatsapp: <span style=\"color: #ff00ff; font-size: 18pt;\">+39 3482944295<\/span><\/strong><\/span><\/p>\n<p dir=\"ltr\" style=\"text-align: left;\"><span style=\"font-size: 18pt; color: #ff00ff;\"><strong>Quale \u00e8 il risultato??<\/strong><\/span><\/p>\n<p dir=\"ltr\" style=\"text-align: left;\"><span style=\"font-size: 14pt;\"><strong>\u00a0Il risultato sembra un microblading<\/strong><\/span><\/p>\n<p dir=\"ltr\" style=\"text-align: left;\"><span style=\"font-size: 14pt;\"><strong>La differenza \u00e8 che \u00e8 senza una procedura invasiva.<\/strong><\/span><\/p>\n<p dir=\"ltr\" style=\"text-align: left;\"><span style=\"font-size: 14pt;\"><strong>Come funziona?<\/strong><\/span><\/p>\n<p dir=\"ltr\" style=\"text-align: left;\"><span style=\"font-size: 14pt;\"><strong>Rimane per 4-5 settimane<\/strong><\/span><\/p>\n<p dir=\"ltr\" style=\"text-align: left;\"><span style=\"font-size: 14pt;\"><strong>Facile e puoi farlo da solo.<\/strong><\/span><\/p>\n<p dir=\"ltr\" style=\"text-align: left;\"><span style=\"font-size: 18pt; color: #ff00ff;\"><strong>Ti \u00e8 piaciuta l&#8217;idea?<\/strong><\/span><\/p>\n<p dir=\"ltr\" style=\"text-align: left;\"><span style=\"font-size: 14pt;\"><strong>magnifico!<\/strong><\/span><\/p>\n<p dir=\"ltr\" style=\"text-align: left;\"><span style=\"font-size: 14pt;\"><strong>Ricevi il kit a casa, dopo averlo ricevuto (7-14 giorni) applichi il processo con me nel video-live tutorial su whatsapp \\ zoom Online.<\/strong><\/span><\/p>\n<p dir=\"ltr\" style=\"text-align: left;\"><span style=\"font-size: 14pt;\"><strong>S\u00ec! Tutti riescono molto facilmente<\/strong><\/span><\/p>\n<p dir=\"ltr\" style=\"text-align: left;\"><span style=\"font-size: 14pt;\"><strong>Formazione pratica in italiano\u00a0<\/strong><\/span><\/p>\n<p dir=\"ltr\" style=\"text-align: left;\"><span style=\"font-size: 18pt; color: #ff00ff;\"><strong>Cosa trovi nel kit?<\/strong><\/span><\/p>\n<p dir=\"ltr\" style=\"text-align: left;\"><span style=\"font-size: 14pt;\"><strong>Kit per almeno 15 trattamenti<\/strong><\/span><\/p>\n<p dir=\"ltr\" style=\"text-align: left;\"><span style=\"font-size: 14pt;\"><strong>Numero materiale 1- Raddrizzare<\/strong><\/span><\/p>\n<p dir=\"ltr\" style=\"text-align: left;\"><span style=\"font-size: 14pt;\"><strong>Numero materiale 2 &#8211; dispositivo<\/strong><\/span><\/p>\n<p dir=\"ltr\" style=\"text-align: left;\"><span style=\"font-size: 14pt;\"><strong>Materiale 3 &#8211; Olio per mangimi cheratina<\/strong><\/span><\/p>\n<p dir=\"ltr\" style=\"text-align: left;\"><span style=\"font-size: 14pt;\"><strong>Detersivo<\/strong><\/span><\/p>\n<p dir=\"ltr\" style=\"text-align: left;\"><span style=\"font-size: 14pt;\"><strong>Formula laminata per sopracciglia<\/strong><\/span><\/p>\n<p dir=\"ltr\" style=\"text-align: left;\"><span style=\"font-size: 14pt;\"><strong>Adesivo per modellare le sopracciglia<\/strong><\/span><\/p>\n<p dir=\"ltr\" style=\"text-align: left;\"><span style=\"font-size: 14pt;\"><strong>Spazzole<\/strong><\/span><\/p>\n<p dir=\"ltr\" style=\"text-align: left;\"><span style=\"font-size: 14pt;\"><strong>Pettina le sopracciglia<\/strong><\/span><\/p>\n<p dir=\"ltr\" style=\"text-align: left;\"><span style=\"font-size: 14pt;\"><strong>Micro spazzole<\/strong><\/span><\/p>\n<p dir=\"ltr\" style=\"text-align: left;\"><span style=\"font-size: 14pt;\"><strong>Tutto il prodotto di altissima qualit\u00e0.<\/strong><\/span><\/p>\n[gallery ids=\"2695,2697,2699,2701,2703,2693\"]\n<p dir=\"ltr\" style=\"text-align: left;\"><span style=\"font-size: 24pt;\"><strong>Certificato di partecipazione!<\/strong><\/span><\/p>\n<p dir=\"ltr\"><img fetchpriority=\"high\" decoding=\"async\" class=\"alignnone size-medium wp-image-3113\" src=\"https:\/\/hillusha-beauty.com\/wp-content\/uploads\/2021\/01\/IMG_5512-216x300.jpg\" alt=\"\" width=\"216\" height=\"300\" srcset=\"https:\/\/hillusha-beauty.com\/wp-content\/uploads\/2021\/01\/IMG_5512-216x300.jpg 216w, https:\/\/hillusha-beauty.com\/wp-content\/uploads\/2021\/01\/IMG_5512.jpg 461w\" sizes=\"(max-width: 216px) 100vw, 216px\" \/><\/p>\n","protected":false},"featured_media":2695,"comment_status":"closed","ping_status":"closed","template":"","meta":[],"product_cat":[],"product_tag":[],"class_list":{"0":"post-3101","1":"product","2":"type-product","3":"status-publish","4":"has-post-thumbnail","7":"first","8":"instock","9":"shipping-taxable","10":"purchasable","11":"product-type-simple"},"yoast_head":"<!-- This site is optimized with the Yoast SEO plugin v25.3 - https:\/\/yoast.com\/wordpress\/plugins\/seo\/ -->\n<title>LAMINAZIONE SOPRACCIGLIA CORSO ONLINE - hillusha-beauty<\/title>\n<meta name=\"robots\" content=\"index, follow, max-snippet:-1, max-image-preview:large, max-video-preview:-1\" \/>\n<link rel=\"canonical\" href=\"https:\/\/hillusha-beauty.com\/en\/product\/laminazione-sopracciglia-corso-online\/\" \/>\n<meta property=\"og:locale\" content=\"en_US\" \/>\n<meta property=\"og:type\" content=\"article\" \/>\n<meta property=\"og:title\" content=\"LAMINAZIONE SOPRACCIGLIA CORSO ONLINE - hillusha-beauty\" \/>\n<meta property=\"og:description\" content=\"Whatsapp:\u00a0+39 3482944295 Laminazione sopracciglia! Processo semplice da implementare, puoi farlo da solo o aumentare il servizio del tuo salone di bellezza. Corso in linea - include il miglior prodotto! Ora nella vendita di promozione 360$ \u00a0si include il kit professionale completo! Per acquistare il kit di laminazione per sopracciglia professionale per solo 120 $ premere qui! qualsiasi domanda: connettimi tramite Whatsapp: +39 3482944295 Quale \u00e8 il risultato?? \u00a0Il risultato sembra un microblading La differenza \u00e8 che \u00e8 senza una procedura invasiva. Come funziona? Rimane per 4-5 settimane Facile e puoi farlo da solo. Ti \u00e8 piaciuta l&#039;idea? magnifico! Ricevi il kit a casa, dopo averlo ricevuto (7-14 giorni) applichi il processo con me nel video-live tutorial su whatsapp  zoom Online. S\u00ec! Tutti riescono molto facilmente Formazione pratica in italiano\u00a0 Cosa trovi nel kit? Kit per almeno 15 trattamenti Numero materiale 1- Raddrizzare Numero materiale 2 - dispositivo Materiale 3 - Olio per mangimi cheratina Detersivo Formula laminata per sopracciglia Adesivo per modellare le sopracciglia Spazzole Pettina le sopracciglia Micro spazzole Tutto il prodotto di altissima qualit\u00e0.  Certificato di partecipazione!\" \/>\n<meta property=\"og:url\" content=\"https:\/\/hillusha-beauty.com\/en\/product\/laminazione-sopracciglia-corso-online\/\" \/>\n<meta property=\"og:site_name\" content=\"hillusha-beauty\" \/>\n<meta property=\"article:modified_time\" content=\"2021-01-29T04:11:08+00:00\" \/>\n<meta property=\"og:image\" content=\"https:\/\/hillusha-beauty.com\/wp-content\/uploads\/2019\/08\/liftbrow2.jpg\" \/>\n\t<meta property=\"og:image:width\" content=\"640\" \/>\n\t<meta property=\"og:image:height\" content=\"588\" \/>\n\t<meta property=\"og:image:type\" content=\"image\/jpeg\" \/>\n<meta name=\"twitter:card\" content=\"summary_large_image\" \/>\n<script type=\"application\/ld+json\" class=\"yoast-schema-graph\">{\"@context\":\"https:\/\/schema.org\",\"@graph\":[{\"@type\":\"WebPage\",\"@id\":\"https:\/\/hillusha-beauty.com\/en\/product\/laminazione-sopracciglia-corso-online\/\",\"url\":\"https:\/\/hillusha-beauty.com\/en\/product\/laminazione-sopracciglia-corso-online\/\",\"name\":\"LAMINAZIONE SOPRACCIGLIA CORSO ONLINE - hillusha-beauty\",\"isPartOf\":{\"@id\":\"https:\/\/hillusha-beauty.com\/en\/#website\"},\"primaryImageOfPage\":{\"@id\":\"https:\/\/hillusha-beauty.com\/en\/product\/laminazione-sopracciglia-corso-online\/#primaryimage\"},\"image\":{\"@id\":\"https:\/\/hillusha-beauty.com\/en\/product\/laminazione-sopracciglia-corso-online\/#primaryimage\"},\"thumbnailUrl\":\"https:\/\/hillusha-beauty.com\/wp-content\/uploads\/2019\/08\/liftbrow2.jpg\",\"datePublished\":\"2021-01-17T17:44:20+00:00\",\"dateModified\":\"2021-01-29T04:11:08+00:00\",\"breadcrumb\":{\"@id\":\"https:\/\/hillusha-beauty.com\/en\/product\/laminazione-sopracciglia-corso-online\/#breadcrumb\"},\"inLanguage\":\"en-US\",\"potentialAction\":[{\"@type\":\"ReadAction\",\"target\":[\"https:\/\/hillusha-beauty.com\/en\/product\/laminazione-sopracciglia-corso-online\/\"]}]},{\"@type\":\"ImageObject\",\"inLanguage\":\"en-US\",\"@id\":\"https:\/\/hillusha-beauty.com\/en\/product\/laminazione-sopracciglia-corso-online\/#primaryimage\",\"url\":\"https:\/\/hillusha-beauty.com\/wp-content\/uploads\/2019\/08\/liftbrow2.jpg\",\"contentUrl\":\"https:\/\/hillusha-beauty.com\/wp-content\/uploads\/2019\/08\/liftbrow2.jpg\",\"width\":640,\"height\":588,\"caption\":\"Laminazione sopracciglia\"},{\"@type\":\"BreadcrumbList\",\"@id\":\"https:\/\/hillusha-beauty.com\/en\/product\/laminazione-sopracciglia-corso-online\/#breadcrumb\",\"itemListElement\":[{\"@type\":\"ListItem\",\"position\":1,\"name\":\"\u05d3\u05e3 \u05d4\u05d1\u05d9\u05ea\",\"item\":\"https:\/\/hillusha-beauty.com\/en\/\"},{\"@type\":\"ListItem\",\"position\":2,\"name\":\"Shop\",\"item\":\"https:\/\/hillusha-beauty.com\/en\/shop\/\"},{\"@type\":\"ListItem\",\"position\":3,\"name\":\"LAMINAZIONE SOPRACCIGLIA CORSO ONLINE\"}]},{\"@type\":\"WebSite\",\"@id\":\"https:\/\/hillusha-beauty.com\/en\/#website\",\"url\":\"https:\/\/hillusha-beauty.com\/en\/\",\"name\":\"hillusha-beauty\",\"description\":\"\",\"publisher\":{\"@id\":\"https:\/\/hillusha-beauty.com\/en\/#organization\"},\"potentialAction\":[{\"@type\":\"SearchAction\",\"target\":{\"@type\":\"EntryPoint\",\"urlTemplate\":\"https:\/\/hillusha-beauty.com\/en\/?s={search_term_string}\"},\"query-input\":{\"@type\":\"PropertyValueSpecification\",\"valueRequired\":true,\"valueName\":\"search_term_string\"}}],\"inLanguage\":\"en-US\"},{\"@type\":\"Organization\",\"@id\":\"https:\/\/hillusha-beauty.com\/en\/#organization\",\"name\":\"hillusha-beauty\",\"url\":\"https:\/\/hillusha-beauty.com\/en\/\",\"logo\":{\"@type\":\"ImageObject\",\"inLanguage\":\"en-US\",\"@id\":\"https:\/\/hillusha-beauty.com\/en\/#\/schema\/logo\/image\/\",\"url\":\"https:\/\/hillusha-beauty.com\/wp-content\/uploads\/2024\/06\/IMG_2340-scaled.jpg\",\"contentUrl\":\"https:\/\/hillusha-beauty.com\/wp-content\/uploads\/2024\/06\/IMG_2340-scaled.jpg\",\"width\":2560,\"height\":762,\"caption\":\"hillusha-beauty\"},\"image\":{\"@id\":\"https:\/\/hillusha-beauty.com\/en\/#\/schema\/logo\/image\/\"}}]}<\/script>\n<!-- \/ Yoast SEO plugin. -->","yoast_head_json":{"title":"LAMINAZIONE SOPRACCIGLIA CORSO ONLINE - hillusha-beauty","robots":{"index":"index","follow":"follow","max-snippet":"max-snippet:-1","max-image-preview":"max-image-preview:large","max-video-preview":"max-video-preview:-1"},"canonical":"https:\/\/hillusha-beauty.com\/en\/product\/laminazione-sopracciglia-corso-online\/","og_locale":"en_US","og_type":"article","og_title":"LAMINAZIONE SOPRACCIGLIA CORSO ONLINE - hillusha-beauty","og_description":"Whatsapp:\u00a0+39 3482944295 Laminazione sopracciglia! Processo semplice da implementare, puoi farlo da solo o aumentare il servizio del tuo salone di bellezza. Corso in linea - include il miglior prodotto! Ora nella vendita di promozione 360$ \u00a0si include il kit professionale completo! Per acquistare il kit di laminazione per sopracciglia professionale per solo 120 $ premere qui! qualsiasi domanda: connettimi tramite Whatsapp: +39 3482944295 Quale \u00e8 il risultato?? \u00a0Il risultato sembra un microblading La differenza \u00e8 che \u00e8 senza una procedura invasiva. Come funziona? Rimane per 4-5 settimane Facile e puoi farlo da solo. Ti \u00e8 piaciuta l'idea? magnifico! Ricevi il kit a casa, dopo averlo ricevuto (7-14 giorni) applichi il processo con me nel video-live tutorial su whatsapp  zoom Online. S\u00ec! Tutti riescono molto facilmente Formazione pratica in italiano\u00a0 Cosa trovi nel kit? Kit per almeno 15 trattamenti Numero materiale 1- Raddrizzare Numero materiale 2 - dispositivo Materiale 3 - Olio per mangimi cheratina Detersivo Formula laminata per sopracciglia Adesivo per modellare le sopracciglia Spazzole Pettina le sopracciglia Micro spazzole Tutto il prodotto di altissima qualit\u00e0.  Certificato di partecipazione!","og_url":"https:\/\/hillusha-beauty.com\/en\/product\/laminazione-sopracciglia-corso-online\/","og_site_name":"hillusha-beauty","article_modified_time":"2021-01-29T04:11:08+00:00","og_image":[{"width":640,"height":588,"url":"https:\/\/hillusha-beauty.com\/wp-content\/uploads\/2019\/08\/liftbrow2.jpg","type":"image\/jpeg"}],"twitter_card":"summary_large_image","schema":{"@context":"https:\/\/schema.org","@graph":[{"@type":"WebPage","@id":"https:\/\/hillusha-beauty.com\/en\/product\/laminazione-sopracciglia-corso-online\/","url":"https:\/\/hillusha-beauty.com\/en\/product\/laminazione-sopracciglia-corso-online\/","name":"LAMINAZIONE SOPRACCIGLIA CORSO ONLINE - hillusha-beauty","isPartOf":{"@id":"https:\/\/hillusha-beauty.com\/en\/#website"},"primaryImageOfPage":{"@id":"https:\/\/hillusha-beauty.com\/en\/product\/laminazione-sopracciglia-corso-online\/#primaryimage"},"image":{"@id":"https:\/\/hillusha-beauty.com\/en\/product\/laminazione-sopracciglia-corso-online\/#primaryimage"},"thumbnailUrl":"https:\/\/hillusha-beauty.com\/wp-content\/uploads\/2019\/08\/liftbrow2.jpg","datePublished":"2021-01-17T17:44:20+00:00","dateModified":"2021-01-29T04:11:08+00:00","breadcrumb":{"@id":"https:\/\/hillusha-beauty.com\/en\/product\/laminazione-sopracciglia-corso-online\/#breadcrumb"},"inLanguage":"en-US","potentialAction":[{"@type":"ReadAction","target":["https:\/\/hillusha-beauty.com\/en\/product\/laminazione-sopracciglia-corso-online\/"]}]},{"@type":"ImageObject","inLanguage":"en-US","@id":"https:\/\/hillusha-beauty.com\/en\/product\/laminazione-sopracciglia-corso-online\/#primaryimage","url":"https:\/\/hillusha-beauty.com\/wp-content\/uploads\/2019\/08\/liftbrow2.jpg","contentUrl":"https:\/\/hillusha-beauty.com\/wp-content\/uploads\/2019\/08\/liftbrow2.jpg","width":640,"height":588,"caption":"Laminazione sopracciglia"},{"@type":"BreadcrumbList","@id":"https:\/\/hillusha-beauty.com\/en\/product\/laminazione-sopracciglia-corso-online\/#breadcrumb","itemListElement":[{"@type":"ListItem","position":1,"name":"\u05d3\u05e3 \u05d4\u05d1\u05d9\u05ea","item":"https:\/\/hillusha-beauty.com\/en\/"},{"@type":"ListItem","position":2,"name":"Shop","item":"https:\/\/hillusha-beauty.com\/en\/shop\/"},{"@type":"ListItem","position":3,"name":"LAMINAZIONE SOPRACCIGLIA CORSO ONLINE"}]},{"@type":"WebSite","@id":"https:\/\/hillusha-beauty.com\/en\/#website","url":"https:\/\/hillusha-beauty.com\/en\/","name":"hillusha-beauty","description":"","publisher":{"@id":"https:\/\/hillusha-beauty.com\/en\/#organization"},"potentialAction":[{"@type":"SearchAction","target":{"@type":"EntryPoint","urlTemplate":"https:\/\/hillusha-beauty.com\/en\/?s={search_term_string}"},"query-input":{"@type":"PropertyValueSpecification","valueRequired":true,"valueName":"search_term_string"}}],"inLanguage":"en-US"},{"@type":"Organization","@id":"https:\/\/hillusha-beauty.com\/en\/#organization","name":"hillusha-beauty","url":"https:\/\/hillusha-beauty.com\/en\/","logo":{"@type":"ImageObject","inLanguage":"en-US","@id":"https:\/\/hillusha-beauty.com\/en\/#\/schema\/logo\/image\/","url":"https:\/\/hillusha-beauty.com\/wp-content\/uploads\/2024\/06\/IMG_2340-scaled.jpg","contentUrl":"https:\/\/hillusha-beauty.com\/wp-content\/uploads\/2024\/06\/IMG_2340-scaled.jpg","width":2560,"height":762,"caption":"hillusha-beauty"},"image":{"@id":"https:\/\/hillusha-beauty.com\/en\/#\/schema\/logo\/image\/"}}]}},"_links":{"self":[{"href":"https:\/\/hillusha-beauty.com\/en\/wp-json\/wp\/v2\/product\/3101","targetHints":{"allow":["GET"]}}],"collection":[{"href":"https:\/\/hillusha-beauty.com\/en\/wp-json\/wp\/v2\/product"}],"about":[{"href":"https:\/\/hillusha-beauty.com\/en\/wp-json\/wp\/v2\/types\/product"}],"replies":[{"embeddable":true,"href":"https:\/\/hillusha-beauty.com\/en\/wp-json\/wp\/v2\/comments?post=3101"}],"wp:featuredmedia":[{"embeddable":true,"href":"https:\/\/hillusha-beauty.com\/en\/wp-json\/wp\/v2\/media\/2695"}],"wp:attachment":[{"href":"https:\/\/hillusha-beauty.com\/en\/wp-json\/wp\/v2\/media?parent=3101"}],"wp:term":[{"taxonomy":"product_cat","embeddable":true,"href":"https:\/\/hillusha-beauty.com\/en\/wp-json\/wp\/v2\/product_cat?post=3101"},{"taxonomy":"product_tag","embeddable":true,"href":"https:\/\/hillusha-beauty.com\/en\/wp-json\/wp\/v2\/product_tag?post=3101"}],"curies":[{"name":"wp","href":"https:\/\/api.w.org\/{rel}","templated":true}]}}